
{"id":405,"date":"2024-08-19T10:35:34","date_gmt":"2024-08-19T13:35:34","guid":{"rendered":"http:\/\/kemparts.com.br\/product\/oleos-essenciais\/"},"modified":"2024-08-19T10:35:34","modified_gmt":"2024-08-19T13:35:34","slug":"oleos-essenciais","status":"publish","type":"product","link":"https:\/\/kemparts.com.br\/en\/produto\/oleos-essenciais\/","title":{"rendered":"\u00d3LEOS ESSENCIAIS"},"content":{"rendered":"<p>Os \u00f3leos essenciais t\u00eam sido amplamente utilizados em todo o mundo, e a sua utiliza\u00e7\u00e3o est\u00e1 a crescer devido \u00e0 forte procura de ingredientes naturais puros em v\u00e1rios segmentos.S\u00e3o compostos naturais, vol\u00e1teis, extra\u00eddos de flores, frutas, folhas, cascas, sementes e ra\u00edzes de plantas arom\u00e1ticas.  Possuem  propriedades medicinais ben\u00e9ficas para o corpo e mente, podendo ser inalados ou dilu\u00eddos e aplicados na pele e por isso s\u00e3o largamente utilizados na pr\u00e1tica de Aromaterapia. Inalar os aromas dos \u00f3leos essenciais pode estimular \u00e1reas do sistema l\u00edmbico, que \u00e9 uma parte do seu c\u00e9rebro que desempenha um papel nas emo\u00e7\u00f5es, comportamentos, sentido do olfato e mem\u00f3ria a longo prazo.Os \u00f3leos essenciais s\u00e3o ativos vitais na ind\u00fastria de alimentos, cosm\u00e9ticos, fragr\u00e2ncias e aplica\u00e7\u00f5es farmac\u00eauticas, uma vez que, para al\u00e9m de conferirem gostos e cheiros agrad\u00e1veis a diferentes produtos, s\u00e3o capazes de atuar tamb\u00e9m como conservantes, antioxidantes, antimicrobianos e antif\u00fangicos.  <\/p>\n","protected":false},"excerpt":{"rendered":"<p>Os \u00f3leos essenciais t\u00eam sido amplamente utilizados em todo o mundo, e a sua utiliza\u00e7\u00e3o est\u00e1 a crescer devido \u00e0 forte procura de ingredientes naturais puros em v\u00e1rios segmentos.S\u00e3o compostos naturais, vol\u00e1teis, extra\u00eddos de flores, frutas, folhas, cascas, sementes e ra\u00edzes de plantas arom\u00e1ticas. Possuem propriedades medicinais ben\u00e9ficas para o corpo e mente, podendo ser [&hellip;]<\/p>\n","protected":false},"featured_media":328,"comment_status":"open","ping_status":"closed","template":"","meta":[],"product_brand":[],"product_cat":[44],"product_tag":[],"class_list":{"0":"post-405","1":"product","2":"type-product","3":"status-publish","4":"has-post-thumbnail","6":"product_cat-aromas-fragrancias","8":"first","9":"instock","10":"shipping-taxable","11":"product-type-simple"},"yoast_head":"<!-- This site is optimized with the Yoast SEO plugin v27.3 - https:\/\/yoast.com\/product\/yoast-seo-wordpress\/ -->\n<title>\u00d3LEOS ESSENCIAIS - Kemparts<\/title>\n<meta name=\"robots\" content=\"index, follow, max-snippet:-1, max-image-preview:large, max-video-preview:-1\" \/>\n<link rel=\"canonical\" href=\"https:\/\/kemparts.com.br\/en\/produto\/oleos-essenciais\/\" \/>\n<meta property=\"og:locale\" content=\"en_US\" \/>\n<meta property=\"og:type\" content=\"article\" \/>\n<meta property=\"og:title\" content=\"\u00d3LEOS ESSENCIAIS - Kemparts\" \/>\n<meta property=\"og:description\" content=\"Os \u00f3leos essenciais t\u00eam sido amplamente utilizados em todo o mundo, e a sua utiliza\u00e7\u00e3o est\u00e1 a crescer devido \u00e0 forte procura de ingredientes naturais puros em v\u00e1rios segmentos.S\u00e3o compostos naturais, vol\u00e1teis, extra\u00eddos de flores, frutas, folhas, cascas, sementes e ra\u00edzes de plantas arom\u00e1ticas. Possuem propriedades medicinais ben\u00e9ficas para o corpo e mente, podendo ser [&hellip;]\" \/>\n<meta property=\"og:url\" content=\"https:\/\/kemparts.com.br\/en\/produto\/oleos-essenciais\/\" \/>\n<meta property=\"og:site_name\" content=\"Kemparts\" \/>\n<meta property=\"og:image\" content=\"https:\/\/kemparts.com.br\/wp-content\/uploads\/2024\/08\/a58afa57da6d88ad73ca54a7c666e677-1-66b22b5b48ce4.webp\" \/>\n\t<meta property=\"og:image:width\" content=\"448\" \/>\n\t<meta property=\"og:image:height\" content=\"457\" \/>\n\t<meta property=\"og:image:type\" content=\"image\/webp\" \/>\n<meta name=\"twitter:card\" content=\"summary_large_image\" \/>\n<meta name=\"twitter:label1\" content=\"Est. reading time\" \/>\n\t<meta name=\"twitter:data1\" content=\"1 minute\" \/>\n<script type=\"application\/ld+json\" class=\"yoast-schema-graph\">{\"@context\":\"https:\\\/\\\/schema.org\",\"@graph\":[{\"@type\":\"WebPage\",\"@id\":\"https:\\\/\\\/kemparts.com.br\\\/en\\\/produto\\\/oleos-essenciais\\\/\",\"url\":\"https:\\\/\\\/kemparts.com.br\\\/en\\\/produto\\\/oleos-essenciais\\\/\",\"name\":\"\u00d3LEOS ESSENCIAIS - Kemparts\",\"isPartOf\":{\"@id\":\"https:\\\/\\\/kemparts.com.br\\\/#website\"},\"primaryImageOfPage\":{\"@id\":\"https:\\\/\\\/kemparts.com.br\\\/en\\\/produto\\\/oleos-essenciais\\\/#primaryimage\"},\"image\":{\"@id\":\"https:\\\/\\\/kemparts.com.br\\\/en\\\/produto\\\/oleos-essenciais\\\/#primaryimage\"},\"thumbnailUrl\":\"https:\\\/\\\/kemparts.com.br\\\/wp-content\\\/uploads\\\/2024\\\/08\\\/a58afa57da6d88ad73ca54a7c666e677-1-66b22b5b48ce4.webp\",\"datePublished\":\"2024-08-19T13:35:34+00:00\",\"breadcrumb\":{\"@id\":\"https:\\\/\\\/kemparts.com.br\\\/en\\\/produto\\\/oleos-essenciais\\\/#breadcrumb\"},\"inLanguage\":\"en-US\",\"potentialAction\":[{\"@type\":\"ReadAction\",\"target\":[\"https:\\\/\\\/kemparts.com.br\\\/en\\\/produto\\\/oleos-essenciais\\\/\"]}]},{\"@type\":\"ImageObject\",\"inLanguage\":\"en-US\",\"@id\":\"https:\\\/\\\/kemparts.com.br\\\/en\\\/produto\\\/oleos-essenciais\\\/#primaryimage\",\"url\":\"https:\\\/\\\/kemparts.com.br\\\/wp-content\\\/uploads\\\/2024\\\/08\\\/a58afa57da6d88ad73ca54a7c666e677-1-66b22b5b48ce4.webp\",\"contentUrl\":\"https:\\\/\\\/kemparts.com.br\\\/wp-content\\\/uploads\\\/2024\\\/08\\\/a58afa57da6d88ad73ca54a7c666e677-1-66b22b5b48ce4.webp\",\"width\":448,\"height\":457},{\"@type\":\"BreadcrumbList\",\"@id\":\"https:\\\/\\\/kemparts.com.br\\\/en\\\/produto\\\/oleos-essenciais\\\/#breadcrumb\",\"itemListElement\":[{\"@type\":\"ListItem\",\"position\":1,\"name\":\"In\u00edcio\",\"item\":\"https:\\\/\\\/kemparts.com.br\\\/en\\\/\"},{\"@type\":\"ListItem\",\"position\":2,\"name\":\"Produtos\",\"item\":\"https:\\\/\\\/kemparts.com.br\\\/produtos\\\/\"},{\"@type\":\"ListItem\",\"position\":3,\"name\":\"\u00d3LEOS ESSENCIAIS\"}]},{\"@type\":\"WebSite\",\"@id\":\"https:\\\/\\\/kemparts.com.br\\\/#website\",\"url\":\"https:\\\/\\\/kemparts.com.br\\\/\",\"name\":\"Kemparts\",\"description\":\"\",\"publisher\":{\"@id\":\"https:\\\/\\\/kemparts.com.br\\\/#organization\"},\"potentialAction\":[{\"@type\":\"SearchAction\",\"target\":{\"@type\":\"EntryPoint\",\"urlTemplate\":\"https:\\\/\\\/kemparts.com.br\\\/?s={search_term_string}\"},\"query-input\":{\"@type\":\"PropertyValueSpecification\",\"valueRequired\":true,\"valueName\":\"search_term_string\"}}],\"inLanguage\":\"en-US\"},{\"@type\":\"Organization\",\"@id\":\"https:\\\/\\\/kemparts.com.br\\\/#organization\",\"name\":\"Kemparts\",\"url\":\"https:\\\/\\\/kemparts.com.br\\\/\",\"logo\":{\"@type\":\"ImageObject\",\"inLanguage\":\"en-US\",\"@id\":\"https:\\\/\\\/kemparts.com.br\\\/#\\\/schema\\\/logo\\\/image\\\/\",\"url\":\"http:\\\/\\\/kemparts.com.br\\\/wp-content\\\/uploads\\\/2024\\\/08\\\/Favicon-3-1.png\",\"contentUrl\":\"http:\\\/\\\/kemparts.com.br\\\/wp-content\\\/uploads\\\/2024\\\/08\\\/Favicon-3-1.png\",\"width\":278,\"height\":278,\"caption\":\"Kemparts\"},\"image\":{\"@id\":\"https:\\\/\\\/kemparts.com.br\\\/#\\\/schema\\\/logo\\\/image\\\/\"},\"sameAs\":[\"https:\\\/\\\/www.youtube.com\\\/channel\\\/UCi7q3vn01t6DJ160x1dRk9g\",\"https:\\\/\\\/br.linkedin.com\\\/company\\\/kemparts-qumica-ltda.\"]}]}<\/script>\n<!-- \/ Yoast SEO plugin. -->","yoast_head_json":{"title":"\u00d3LEOS ESSENCIAIS - Kemparts","robots":{"index":"index","follow":"follow","max-snippet":"max-snippet:-1","max-image-preview":"max-image-preview:large","max-video-preview":"max-video-preview:-1"},"canonical":"https:\/\/kemparts.com.br\/en\/produto\/oleos-essenciais\/","og_locale":"en_US","og_type":"article","og_title":"\u00d3LEOS ESSENCIAIS - Kemparts","og_description":"Os \u00f3leos essenciais t\u00eam sido amplamente utilizados em todo o mundo, e a sua utiliza\u00e7\u00e3o est\u00e1 a crescer devido \u00e0 forte procura de ingredientes naturais puros em v\u00e1rios segmentos.S\u00e3o compostos naturais, vol\u00e1teis, extra\u00eddos de flores, frutas, folhas, cascas, sementes e ra\u00edzes de plantas arom\u00e1ticas. Possuem propriedades medicinais ben\u00e9ficas para o corpo e mente, podendo ser [&hellip;]","og_url":"https:\/\/kemparts.com.br\/en\/produto\/oleos-essenciais\/","og_site_name":"Kemparts","og_image":[{"width":448,"height":457,"url":"https:\/\/kemparts.com.br\/wp-content\/uploads\/2024\/08\/a58afa57da6d88ad73ca54a7c666e677-1-66b22b5b48ce4.webp","type":"image\/webp"}],"twitter_card":"summary_large_image","twitter_misc":{"Est. reading time":"1 minute"},"schema":{"@context":"https:\/\/schema.org","@graph":[{"@type":"WebPage","@id":"https:\/\/kemparts.com.br\/en\/produto\/oleos-essenciais\/","url":"https:\/\/kemparts.com.br\/en\/produto\/oleos-essenciais\/","name":"\u00d3LEOS ESSENCIAIS - Kemparts","isPartOf":{"@id":"https:\/\/kemparts.com.br\/#website"},"primaryImageOfPage":{"@id":"https:\/\/kemparts.com.br\/en\/produto\/oleos-essenciais\/#primaryimage"},"image":{"@id":"https:\/\/kemparts.com.br\/en\/produto\/oleos-essenciais\/#primaryimage"},"thumbnailUrl":"https:\/\/kemparts.com.br\/wp-content\/uploads\/2024\/08\/a58afa57da6d88ad73ca54a7c666e677-1-66b22b5b48ce4.webp","datePublished":"2024-08-19T13:35:34+00:00","breadcrumb":{"@id":"https:\/\/kemparts.com.br\/en\/produto\/oleos-essenciais\/#breadcrumb"},"inLanguage":"en-US","potentialAction":[{"@type":"ReadAction","target":["https:\/\/kemparts.com.br\/en\/produto\/oleos-essenciais\/"]}]},{"@type":"ImageObject","inLanguage":"en-US","@id":"https:\/\/kemparts.com.br\/en\/produto\/oleos-essenciais\/#primaryimage","url":"https:\/\/kemparts.com.br\/wp-content\/uploads\/2024\/08\/a58afa57da6d88ad73ca54a7c666e677-1-66b22b5b48ce4.webp","contentUrl":"https:\/\/kemparts.com.br\/wp-content\/uploads\/2024\/08\/a58afa57da6d88ad73ca54a7c666e677-1-66b22b5b48ce4.webp","width":448,"height":457},{"@type":"BreadcrumbList","@id":"https:\/\/kemparts.com.br\/en\/produto\/oleos-essenciais\/#breadcrumb","itemListElement":[{"@type":"ListItem","position":1,"name":"In\u00edcio","item":"https:\/\/kemparts.com.br\/en\/"},{"@type":"ListItem","position":2,"name":"Produtos","item":"https:\/\/kemparts.com.br\/produtos\/"},{"@type":"ListItem","position":3,"name":"\u00d3LEOS ESSENCIAIS"}]},{"@type":"WebSite","@id":"https:\/\/kemparts.com.br\/#website","url":"https:\/\/kemparts.com.br\/","name":"Kemparts","description":"","publisher":{"@id":"https:\/\/kemparts.com.br\/#organization"},"potentialAction":[{"@type":"SearchAction","target":{"@type":"EntryPoint","urlTemplate":"https:\/\/kemparts.com.br\/?s={search_term_string}"},"query-input":{"@type":"PropertyValueSpecification","valueRequired":true,"valueName":"search_term_string"}}],"inLanguage":"en-US"},{"@type":"Organization","@id":"https:\/\/kemparts.com.br\/#organization","name":"Kemparts","url":"https:\/\/kemparts.com.br\/","logo":{"@type":"ImageObject","inLanguage":"en-US","@id":"https:\/\/kemparts.com.br\/#\/schema\/logo\/image\/","url":"http:\/\/kemparts.com.br\/wp-content\/uploads\/2024\/08\/Favicon-3-1.png","contentUrl":"http:\/\/kemparts.com.br\/wp-content\/uploads\/2024\/08\/Favicon-3-1.png","width":278,"height":278,"caption":"Kemparts"},"image":{"@id":"https:\/\/kemparts.com.br\/#\/schema\/logo\/image\/"},"sameAs":["https:\/\/www.youtube.com\/channel\/UCi7q3vn01t6DJ160x1dRk9g","https:\/\/br.linkedin.com\/company\/kemparts-qumica-ltda."]}]}},"_links":{"self":[{"href":"https:\/\/kemparts.com.br\/en\/wp-json\/wp\/v2\/product\/405","targetHints":{"allow":["GET"]}}],"collection":[{"href":"https:\/\/kemparts.com.br\/en\/wp-json\/wp\/v2\/product"}],"about":[{"href":"https:\/\/kemparts.com.br\/en\/wp-json\/wp\/v2\/types\/product"}],"replies":[{"embeddable":true,"href":"https:\/\/kemparts.com.br\/en\/wp-json\/wp\/v2\/comments?post=405"}],"wp:featuredmedia":[{"embeddable":true,"href":"https:\/\/kemparts.com.br\/en\/wp-json\/wp\/v2\/media\/328"}],"wp:attachment":[{"href":"https:\/\/kemparts.com.br\/en\/wp-json\/wp\/v2\/media?parent=405"}],"wp:term":[{"taxonomy":"product_brand","embeddable":true,"href":"https:\/\/kemparts.com.br\/en\/wp-json\/wp\/v2\/product_brand?post=405"},{"taxonomy":"product_cat","embeddable":true,"href":"https:\/\/kemparts.com.br\/en\/wp-json\/wp\/v2\/product_cat?post=405"},{"taxonomy":"product_tag","embeddable":true,"href":"https:\/\/kemparts.com.br\/en\/wp-json\/wp\/v2\/product_tag?post=405"}],"curies":[{"name":"wp","href":"https:\/\/api.w.org\/{rel}","templated":true}]}}