
{"id":313,"date":"2024-08-06T10:37:44","date_gmt":"2024-08-06T13:37:44","guid":{"rendered":"http:\/\/kemparts.com.br\/product\/polibuteno-4\/"},"modified":"2024-08-06T10:37:44","modified_gmt":"2024-08-06T13:37:44","slug":"polibuteno-4","status":"publish","type":"product","link":"https:\/\/kemparts.com.br\/en\/produto\/polibuteno-4\/","title":{"rendered":"Polibuteno"},"content":{"rendered":"<p>Obtidos por polimeriza\u00e7\u00e3o catal\u00edtica, s\u00e3o pol\u00edmeros l\u00edquidos com viscosidades entre 200 e 5000cSt a 100\u00b0C, claros, brilhantes e transparentes. Apresentam grande estabilidade qu\u00edmica,<br \/>\nexcelentes propriedades diel\u00e9tricas e resist\u00eancia \u00e0 oxida\u00e7\u00e3o.<\/p>\n","protected":false},"excerpt":{"rendered":"<p>Obtidos por polimeriza\u00e7\u00e3o catal\u00edtica, s\u00e3o pol\u00edmeros l\u00edquidos com viscosidades entre 200 e 5000cSt a 100\u00b0C, claros, brilhantes e transparentes. Apresentam grande estabilidade qu\u00edmica, excelentes propriedades diel\u00e9tricas e resist\u00eancia \u00e0 oxida\u00e7\u00e3o.<\/p>\n","protected":false},"featured_media":261,"comment_status":"open","ping_status":"closed","template":"","meta":[],"product_brand":[],"product_cat":[34],"product_tag":[],"class_list":{"0":"post-313","1":"product","2":"type-product","3":"status-publish","4":"has-post-thumbnail","6":"product_cat-borrachas","8":"first","9":"instock","10":"shipping-taxable","11":"product-type-simple"},"yoast_head":"<!-- This site is optimized with the Yoast SEO plugin v27.3 - https:\/\/yoast.com\/product\/yoast-seo-wordpress\/ -->\n<title>Polibuteno - Kemparts<\/title>\n<meta name=\"robots\" content=\"index, follow, max-snippet:-1, max-image-preview:large, max-video-preview:-1\" \/>\n<link rel=\"canonical\" href=\"https:\/\/kemparts.com.br\/en\/produto\/polibuteno-4\/\" \/>\n<meta property=\"og:locale\" content=\"en_US\" \/>\n<meta property=\"og:type\" content=\"article\" \/>\n<meta property=\"og:title\" content=\"Polibuteno - Kemparts\" \/>\n<meta property=\"og:description\" content=\"Obtidos por polimeriza\u00e7\u00e3o catal\u00edtica, s\u00e3o pol\u00edmeros l\u00edquidos com viscosidades entre 200 e 5000cSt a 100\u00b0C, claros, brilhantes e transparentes. Apresentam grande estabilidade qu\u00edmica, excelentes propriedades diel\u00e9tricas e resist\u00eancia \u00e0 oxida\u00e7\u00e3o.\" \/>\n<meta property=\"og:url\" content=\"https:\/\/kemparts.com.br\/en\/produto\/polibuteno-4\/\" \/>\n<meta property=\"og:site_name\" content=\"Kemparts\" \/>\n<meta property=\"og:image\" content=\"https:\/\/kemparts.com.br\/wp-content\/uploads\/2024\/08\/placeholder.webp\" \/>\n\t<meta property=\"og:image:width\" content=\"448\" \/>\n\t<meta property=\"og:image:height\" content=\"480\" \/>\n\t<meta property=\"og:image:type\" content=\"image\/webp\" \/>\n<meta name=\"twitter:card\" content=\"summary_large_image\" \/>\n<script type=\"application\/ld+json\" class=\"yoast-schema-graph\">{\"@context\":\"https:\\\/\\\/schema.org\",\"@graph\":[{\"@type\":\"WebPage\",\"@id\":\"https:\\\/\\\/kemparts.com.br\\\/en\\\/produto\\\/polibuteno-4\\\/\",\"url\":\"https:\\\/\\\/kemparts.com.br\\\/en\\\/produto\\\/polibuteno-4\\\/\",\"name\":\"Polibuteno - Kemparts\",\"isPartOf\":{\"@id\":\"https:\\\/\\\/kemparts.com.br\\\/#website\"},\"primaryImageOfPage\":{\"@id\":\"https:\\\/\\\/kemparts.com.br\\\/en\\\/produto\\\/polibuteno-4\\\/#primaryimage\"},\"image\":{\"@id\":\"https:\\\/\\\/kemparts.com.br\\\/en\\\/produto\\\/polibuteno-4\\\/#primaryimage\"},\"thumbnailUrl\":\"https:\\\/\\\/kemparts.com.br\\\/wp-content\\\/uploads\\\/2024\\\/08\\\/placeholder.webp\",\"datePublished\":\"2024-08-06T13:37:44+00:00\",\"breadcrumb\":{\"@id\":\"https:\\\/\\\/kemparts.com.br\\\/en\\\/produto\\\/polibuteno-4\\\/#breadcrumb\"},\"inLanguage\":\"en-US\",\"potentialAction\":[{\"@type\":\"ReadAction\",\"target\":[\"https:\\\/\\\/kemparts.com.br\\\/en\\\/produto\\\/polibuteno-4\\\/\"]}]},{\"@type\":\"ImageObject\",\"inLanguage\":\"en-US\",\"@id\":\"https:\\\/\\\/kemparts.com.br\\\/en\\\/produto\\\/polibuteno-4\\\/#primaryimage\",\"url\":\"https:\\\/\\\/kemparts.com.br\\\/wp-content\\\/uploads\\\/2024\\\/08\\\/placeholder.webp\",\"contentUrl\":\"https:\\\/\\\/kemparts.com.br\\\/wp-content\\\/uploads\\\/2024\\\/08\\\/placeholder.webp\",\"width\":448,\"height\":480},{\"@type\":\"BreadcrumbList\",\"@id\":\"https:\\\/\\\/kemparts.com.br\\\/en\\\/produto\\\/polibuteno-4\\\/#breadcrumb\",\"itemListElement\":[{\"@type\":\"ListItem\",\"position\":1,\"name\":\"In\u00edcio\",\"item\":\"https:\\\/\\\/kemparts.com.br\\\/en\\\/\"},{\"@type\":\"ListItem\",\"position\":2,\"name\":\"Produtos\",\"item\":\"https:\\\/\\\/kemparts.com.br\\\/produtos\\\/\"},{\"@type\":\"ListItem\",\"position\":3,\"name\":\"Polibuteno\"}]},{\"@type\":\"WebSite\",\"@id\":\"https:\\\/\\\/kemparts.com.br\\\/#website\",\"url\":\"https:\\\/\\\/kemparts.com.br\\\/\",\"name\":\"Kemparts\",\"description\":\"\",\"publisher\":{\"@id\":\"https:\\\/\\\/kemparts.com.br\\\/#organization\"},\"potentialAction\":[{\"@type\":\"SearchAction\",\"target\":{\"@type\":\"EntryPoint\",\"urlTemplate\":\"https:\\\/\\\/kemparts.com.br\\\/?s={search_term_string}\"},\"query-input\":{\"@type\":\"PropertyValueSpecification\",\"valueRequired\":true,\"valueName\":\"search_term_string\"}}],\"inLanguage\":\"en-US\"},{\"@type\":\"Organization\",\"@id\":\"https:\\\/\\\/kemparts.com.br\\\/#organization\",\"name\":\"Kemparts\",\"url\":\"https:\\\/\\\/kemparts.com.br\\\/\",\"logo\":{\"@type\":\"ImageObject\",\"inLanguage\":\"en-US\",\"@id\":\"https:\\\/\\\/kemparts.com.br\\\/#\\\/schema\\\/logo\\\/image\\\/\",\"url\":\"http:\\\/\\\/kemparts.com.br\\\/wp-content\\\/uploads\\\/2024\\\/08\\\/Favicon-3-1.png\",\"contentUrl\":\"http:\\\/\\\/kemparts.com.br\\\/wp-content\\\/uploads\\\/2024\\\/08\\\/Favicon-3-1.png\",\"width\":278,\"height\":278,\"caption\":\"Kemparts\"},\"image\":{\"@id\":\"https:\\\/\\\/kemparts.com.br\\\/#\\\/schema\\\/logo\\\/image\\\/\"},\"sameAs\":[\"https:\\\/\\\/www.youtube.com\\\/channel\\\/UCi7q3vn01t6DJ160x1dRk9g\",\"https:\\\/\\\/br.linkedin.com\\\/company\\\/kemparts-qumica-ltda.\"]}]}<\/script>\n<!-- \/ Yoast SEO plugin. -->","yoast_head_json":{"title":"Polibuteno - Kemparts","robots":{"index":"index","follow":"follow","max-snippet":"max-snippet:-1","max-image-preview":"max-image-preview:large","max-video-preview":"max-video-preview:-1"},"canonical":"https:\/\/kemparts.com.br\/en\/produto\/polibuteno-4\/","og_locale":"en_US","og_type":"article","og_title":"Polibuteno - Kemparts","og_description":"Obtidos por polimeriza\u00e7\u00e3o catal\u00edtica, s\u00e3o pol\u00edmeros l\u00edquidos com viscosidades entre 200 e 5000cSt a 100\u00b0C, claros, brilhantes e transparentes. Apresentam grande estabilidade qu\u00edmica, excelentes propriedades diel\u00e9tricas e resist\u00eancia \u00e0 oxida\u00e7\u00e3o.","og_url":"https:\/\/kemparts.com.br\/en\/produto\/polibuteno-4\/","og_site_name":"Kemparts","og_image":[{"width":448,"height":480,"url":"https:\/\/kemparts.com.br\/wp-content\/uploads\/2024\/08\/placeholder.webp","type":"image\/webp"}],"twitter_card":"summary_large_image","schema":{"@context":"https:\/\/schema.org","@graph":[{"@type":"WebPage","@id":"https:\/\/kemparts.com.br\/en\/produto\/polibuteno-4\/","url":"https:\/\/kemparts.com.br\/en\/produto\/polibuteno-4\/","name":"Polibuteno - Kemparts","isPartOf":{"@id":"https:\/\/kemparts.com.br\/#website"},"primaryImageOfPage":{"@id":"https:\/\/kemparts.com.br\/en\/produto\/polibuteno-4\/#primaryimage"},"image":{"@id":"https:\/\/kemparts.com.br\/en\/produto\/polibuteno-4\/#primaryimage"},"thumbnailUrl":"https:\/\/kemparts.com.br\/wp-content\/uploads\/2024\/08\/placeholder.webp","datePublished":"2024-08-06T13:37:44+00:00","breadcrumb":{"@id":"https:\/\/kemparts.com.br\/en\/produto\/polibuteno-4\/#breadcrumb"},"inLanguage":"en-US","potentialAction":[{"@type":"ReadAction","target":["https:\/\/kemparts.com.br\/en\/produto\/polibuteno-4\/"]}]},{"@type":"ImageObject","inLanguage":"en-US","@id":"https:\/\/kemparts.com.br\/en\/produto\/polibuteno-4\/#primaryimage","url":"https:\/\/kemparts.com.br\/wp-content\/uploads\/2024\/08\/placeholder.webp","contentUrl":"https:\/\/kemparts.com.br\/wp-content\/uploads\/2024\/08\/placeholder.webp","width":448,"height":480},{"@type":"BreadcrumbList","@id":"https:\/\/kemparts.com.br\/en\/produto\/polibuteno-4\/#breadcrumb","itemListElement":[{"@type":"ListItem","position":1,"name":"In\u00edcio","item":"https:\/\/kemparts.com.br\/en\/"},{"@type":"ListItem","position":2,"name":"Produtos","item":"https:\/\/kemparts.com.br\/produtos\/"},{"@type":"ListItem","position":3,"name":"Polibuteno"}]},{"@type":"WebSite","@id":"https:\/\/kemparts.com.br\/#website","url":"https:\/\/kemparts.com.br\/","name":"Kemparts","description":"","publisher":{"@id":"https:\/\/kemparts.com.br\/#organization"},"potentialAction":[{"@type":"SearchAction","target":{"@type":"EntryPoint","urlTemplate":"https:\/\/kemparts.com.br\/?s={search_term_string}"},"query-input":{"@type":"PropertyValueSpecification","valueRequired":true,"valueName":"search_term_string"}}],"inLanguage":"en-US"},{"@type":"Organization","@id":"https:\/\/kemparts.com.br\/#organization","name":"Kemparts","url":"https:\/\/kemparts.com.br\/","logo":{"@type":"ImageObject","inLanguage":"en-US","@id":"https:\/\/kemparts.com.br\/#\/schema\/logo\/image\/","url":"http:\/\/kemparts.com.br\/wp-content\/uploads\/2024\/08\/Favicon-3-1.png","contentUrl":"http:\/\/kemparts.com.br\/wp-content\/uploads\/2024\/08\/Favicon-3-1.png","width":278,"height":278,"caption":"Kemparts"},"image":{"@id":"https:\/\/kemparts.com.br\/#\/schema\/logo\/image\/"},"sameAs":["https:\/\/www.youtube.com\/channel\/UCi7q3vn01t6DJ160x1dRk9g","https:\/\/br.linkedin.com\/company\/kemparts-qumica-ltda."]}]}},"_links":{"self":[{"href":"https:\/\/kemparts.com.br\/en\/wp-json\/wp\/v2\/product\/313","targetHints":{"allow":["GET"]}}],"collection":[{"href":"https:\/\/kemparts.com.br\/en\/wp-json\/wp\/v2\/product"}],"about":[{"href":"https:\/\/kemparts.com.br\/en\/wp-json\/wp\/v2\/types\/product"}],"replies":[{"embeddable":true,"href":"https:\/\/kemparts.com.br\/en\/wp-json\/wp\/v2\/comments?post=313"}],"wp:featuredmedia":[{"embeddable":true,"href":"https:\/\/kemparts.com.br\/en\/wp-json\/wp\/v2\/media\/261"}],"wp:attachment":[{"href":"https:\/\/kemparts.com.br\/en\/wp-json\/wp\/v2\/media?parent=313"}],"wp:term":[{"taxonomy":"product_brand","embeddable":true,"href":"https:\/\/kemparts.com.br\/en\/wp-json\/wp\/v2\/product_brand?post=313"},{"taxonomy":"product_cat","embeddable":true,"href":"https:\/\/kemparts.com.br\/en\/wp-json\/wp\/v2\/product_cat?post=313"},{"taxonomy":"product_tag","embeddable":true,"href":"https:\/\/kemparts.com.br\/en\/wp-json\/wp\/v2\/product_tag?post=313"}],"curies":[{"name":"wp","href":"https:\/\/api.w.org\/{rel}","templated":true}]}}