
{"id":294,"date":"2024-08-06T10:36:08","date_gmt":"2024-08-06T13:36:08","guid":{"rendered":"http:\/\/kemparts.com.br\/product\/ptfe-politetrafluoretileno\/"},"modified":"2024-08-21T17:03:58","modified_gmt":"2024-08-21T20:03:58","slug":"ptfe-politetrafluoretileno","status":"publish","type":"product","link":"https:\/\/kemparts.com.br\/en\/produto\/ptfe-politetrafluoretileno\/","title":{"rendered":"PTFE &#8211; POLITETRAFLUORETILENO"},"content":{"rendered":"<p>\u00c9 um pol\u00edmero de cor branca, comercializado na forma de p\u00f3, com ponto de fus\u00e3o em torno de 320 \u00baC. Apresenta um baixo coeficiente de atrito, \u00f3tima resist\u00eancia qu\u00edmica, baixa constante diel\u00e9trica e impermeabilidade.<\/p>\n","protected":false},"excerpt":{"rendered":"<p>\u00c9 um pol\u00edmero de cor branca, comercializado na forma de p\u00f3, com ponto de fus\u00e3o em torno de 320 \u00baC. Apresenta um baixo coeficiente de atrito, \u00f3tima resist\u00eancia qu\u00edmica, baixa constante diel\u00e9trica e impermeabilidade.<\/p>\n","protected":false},"featured_media":261,"comment_status":"open","ping_status":"closed","template":"","meta":[],"product_brand":[],"product_cat":[27],"product_tag":[],"class_list":{"0":"post-294","1":"product","2":"type-product","3":"status-publish","4":"has-post-thumbnail","6":"product_cat-lubrificantes","8":"first","9":"instock","10":"shipping-taxable","11":"product-type-simple"},"yoast_head":"<!-- This site is optimized with the Yoast SEO plugin v27.3 - https:\/\/yoast.com\/product\/yoast-seo-wordpress\/ -->\n<title>PTFE - POLITETRAFLUORETILENO - Kemparts<\/title>\n<meta name=\"robots\" content=\"index, follow, max-snippet:-1, max-image-preview:large, max-video-preview:-1\" \/>\n<link rel=\"canonical\" href=\"https:\/\/kemparts.com.br\/produto\/ptfe-politetrafluoretileno\/\" \/>\n<meta property=\"og:locale\" content=\"en_US\" \/>\n<meta property=\"og:type\" content=\"article\" \/>\n<meta property=\"og:title\" content=\"PTFE - POLITETRAFLUORETILENO - Kemparts\" \/>\n<meta property=\"og:description\" content=\"\u00c9 um pol\u00edmero de cor branca, comercializado na forma de p\u00f3, com ponto de fus\u00e3o em torno de 320 \u00baC. Apresenta um baixo coeficiente de atrito, \u00f3tima resist\u00eancia qu\u00edmica, baixa constante diel\u00e9trica e impermeabilidade.\" \/>\n<meta property=\"og:url\" content=\"https:\/\/kemparts.com.br\/produto\/ptfe-politetrafluoretileno\/\" \/>\n<meta property=\"og:site_name\" content=\"Kemparts\" \/>\n<meta property=\"article:modified_time\" content=\"2024-08-21T20:03:58+00:00\" \/>\n<meta property=\"og:image\" content=\"https:\/\/kemparts.com.br\/wp-content\/uploads\/2024\/08\/placeholder.webp\" \/>\n\t<meta property=\"og:image:width\" content=\"448\" \/>\n\t<meta property=\"og:image:height\" content=\"480\" \/>\n\t<meta property=\"og:image:type\" content=\"image\/webp\" \/>\n<meta name=\"twitter:card\" content=\"summary_large_image\" \/>\n<script type=\"application\/ld+json\" class=\"yoast-schema-graph\">{\"@context\":\"https:\\\/\\\/schema.org\",\"@graph\":[{\"@type\":\"WebPage\",\"@id\":\"https:\\\/\\\/kemparts.com.br\\\/produto\\\/ptfe-politetrafluoretileno\\\/\",\"url\":\"https:\\\/\\\/kemparts.com.br\\\/produto\\\/ptfe-politetrafluoretileno\\\/\",\"name\":\"PTFE - POLITETRAFLUORETILENO - Kemparts\",\"isPartOf\":{\"@id\":\"https:\\\/\\\/kemparts.com.br\\\/#website\"},\"primaryImageOfPage\":{\"@id\":\"https:\\\/\\\/kemparts.com.br\\\/produto\\\/ptfe-politetrafluoretileno\\\/#primaryimage\"},\"image\":{\"@id\":\"https:\\\/\\\/kemparts.com.br\\\/produto\\\/ptfe-politetrafluoretileno\\\/#primaryimage\"},\"thumbnailUrl\":\"https:\\\/\\\/kemparts.com.br\\\/wp-content\\\/uploads\\\/2024\\\/08\\\/placeholder.webp\",\"datePublished\":\"2024-08-06T13:36:08+00:00\",\"dateModified\":\"2024-08-21T20:03:58+00:00\",\"breadcrumb\":{\"@id\":\"https:\\\/\\\/kemparts.com.br\\\/produto\\\/ptfe-politetrafluoretileno\\\/#breadcrumb\"},\"inLanguage\":\"en-US\",\"potentialAction\":[{\"@type\":\"ReadAction\",\"target\":[\"https:\\\/\\\/kemparts.com.br\\\/produto\\\/ptfe-politetrafluoretileno\\\/\"]}]},{\"@type\":\"ImageObject\",\"inLanguage\":\"en-US\",\"@id\":\"https:\\\/\\\/kemparts.com.br\\\/produto\\\/ptfe-politetrafluoretileno\\\/#primaryimage\",\"url\":\"https:\\\/\\\/kemparts.com.br\\\/wp-content\\\/uploads\\\/2024\\\/08\\\/placeholder.webp\",\"contentUrl\":\"https:\\\/\\\/kemparts.com.br\\\/wp-content\\\/uploads\\\/2024\\\/08\\\/placeholder.webp\",\"width\":448,\"height\":480},{\"@type\":\"BreadcrumbList\",\"@id\":\"https:\\\/\\\/kemparts.com.br\\\/produto\\\/ptfe-politetrafluoretileno\\\/#breadcrumb\",\"itemListElement\":[{\"@type\":\"ListItem\",\"position\":1,\"name\":\"In\u00edcio\",\"item\":\"https:\\\/\\\/kemparts.com.br\\\/en\\\/\"},{\"@type\":\"ListItem\",\"position\":2,\"name\":\"Produtos\",\"item\":\"https:\\\/\\\/kemparts.com.br\\\/produtos\\\/\"},{\"@type\":\"ListItem\",\"position\":3,\"name\":\"PTFE &#8211; POLITETRAFLUORETILENO\"}]},{\"@type\":\"WebSite\",\"@id\":\"https:\\\/\\\/kemparts.com.br\\\/#website\",\"url\":\"https:\\\/\\\/kemparts.com.br\\\/\",\"name\":\"Kemparts\",\"description\":\"\",\"publisher\":{\"@id\":\"https:\\\/\\\/kemparts.com.br\\\/#organization\"},\"potentialAction\":[{\"@type\":\"SearchAction\",\"target\":{\"@type\":\"EntryPoint\",\"urlTemplate\":\"https:\\\/\\\/kemparts.com.br\\\/?s={search_term_string}\"},\"query-input\":{\"@type\":\"PropertyValueSpecification\",\"valueRequired\":true,\"valueName\":\"search_term_string\"}}],\"inLanguage\":\"en-US\"},{\"@type\":\"Organization\",\"@id\":\"https:\\\/\\\/kemparts.com.br\\\/#organization\",\"name\":\"Kemparts\",\"url\":\"https:\\\/\\\/kemparts.com.br\\\/\",\"logo\":{\"@type\":\"ImageObject\",\"inLanguage\":\"en-US\",\"@id\":\"https:\\\/\\\/kemparts.com.br\\\/#\\\/schema\\\/logo\\\/image\\\/\",\"url\":\"http:\\\/\\\/kemparts.com.br\\\/wp-content\\\/uploads\\\/2024\\\/08\\\/Favicon-3-1.png\",\"contentUrl\":\"http:\\\/\\\/kemparts.com.br\\\/wp-content\\\/uploads\\\/2024\\\/08\\\/Favicon-3-1.png\",\"width\":278,\"height\":278,\"caption\":\"Kemparts\"},\"image\":{\"@id\":\"https:\\\/\\\/kemparts.com.br\\\/#\\\/schema\\\/logo\\\/image\\\/\"},\"sameAs\":[\"https:\\\/\\\/www.youtube.com\\\/channel\\\/UCi7q3vn01t6DJ160x1dRk9g\",\"https:\\\/\\\/br.linkedin.com\\\/company\\\/kemparts-qumica-ltda.\"]}]}<\/script>\n<!-- \/ Yoast SEO plugin. -->","yoast_head_json":{"title":"PTFE - POLITETRAFLUORETILENO - Kemparts","robots":{"index":"index","follow":"follow","max-snippet":"max-snippet:-1","max-image-preview":"max-image-preview:large","max-video-preview":"max-video-preview:-1"},"canonical":"https:\/\/kemparts.com.br\/produto\/ptfe-politetrafluoretileno\/","og_locale":"en_US","og_type":"article","og_title":"PTFE - POLITETRAFLUORETILENO - Kemparts","og_description":"\u00c9 um pol\u00edmero de cor branca, comercializado na forma de p\u00f3, com ponto de fus\u00e3o em torno de 320 \u00baC. Apresenta um baixo coeficiente de atrito, \u00f3tima resist\u00eancia qu\u00edmica, baixa constante diel\u00e9trica e impermeabilidade.","og_url":"https:\/\/kemparts.com.br\/produto\/ptfe-politetrafluoretileno\/","og_site_name":"Kemparts","article_modified_time":"2024-08-21T20:03:58+00:00","og_image":[{"width":448,"height":480,"url":"https:\/\/kemparts.com.br\/wp-content\/uploads\/2024\/08\/placeholder.webp","type":"image\/webp"}],"twitter_card":"summary_large_image","schema":{"@context":"https:\/\/schema.org","@graph":[{"@type":"WebPage","@id":"https:\/\/kemparts.com.br\/produto\/ptfe-politetrafluoretileno\/","url":"https:\/\/kemparts.com.br\/produto\/ptfe-politetrafluoretileno\/","name":"PTFE - POLITETRAFLUORETILENO - Kemparts","isPartOf":{"@id":"https:\/\/kemparts.com.br\/#website"},"primaryImageOfPage":{"@id":"https:\/\/kemparts.com.br\/produto\/ptfe-politetrafluoretileno\/#primaryimage"},"image":{"@id":"https:\/\/kemparts.com.br\/produto\/ptfe-politetrafluoretileno\/#primaryimage"},"thumbnailUrl":"https:\/\/kemparts.com.br\/wp-content\/uploads\/2024\/08\/placeholder.webp","datePublished":"2024-08-06T13:36:08+00:00","dateModified":"2024-08-21T20:03:58+00:00","breadcrumb":{"@id":"https:\/\/kemparts.com.br\/produto\/ptfe-politetrafluoretileno\/#breadcrumb"},"inLanguage":"en-US","potentialAction":[{"@type":"ReadAction","target":["https:\/\/kemparts.com.br\/produto\/ptfe-politetrafluoretileno\/"]}]},{"@type":"ImageObject","inLanguage":"en-US","@id":"https:\/\/kemparts.com.br\/produto\/ptfe-politetrafluoretileno\/#primaryimage","url":"https:\/\/kemparts.com.br\/wp-content\/uploads\/2024\/08\/placeholder.webp","contentUrl":"https:\/\/kemparts.com.br\/wp-content\/uploads\/2024\/08\/placeholder.webp","width":448,"height":480},{"@type":"BreadcrumbList","@id":"https:\/\/kemparts.com.br\/produto\/ptfe-politetrafluoretileno\/#breadcrumb","itemListElement":[{"@type":"ListItem","position":1,"name":"In\u00edcio","item":"https:\/\/kemparts.com.br\/en\/"},{"@type":"ListItem","position":2,"name":"Produtos","item":"https:\/\/kemparts.com.br\/produtos\/"},{"@type":"ListItem","position":3,"name":"PTFE &#8211; POLITETRAFLUORETILENO"}]},{"@type":"WebSite","@id":"https:\/\/kemparts.com.br\/#website","url":"https:\/\/kemparts.com.br\/","name":"Kemparts","description":"","publisher":{"@id":"https:\/\/kemparts.com.br\/#organization"},"potentialAction":[{"@type":"SearchAction","target":{"@type":"EntryPoint","urlTemplate":"https:\/\/kemparts.com.br\/?s={search_term_string}"},"query-input":{"@type":"PropertyValueSpecification","valueRequired":true,"valueName":"search_term_string"}}],"inLanguage":"en-US"},{"@type":"Organization","@id":"https:\/\/kemparts.com.br\/#organization","name":"Kemparts","url":"https:\/\/kemparts.com.br\/","logo":{"@type":"ImageObject","inLanguage":"en-US","@id":"https:\/\/kemparts.com.br\/#\/schema\/logo\/image\/","url":"http:\/\/kemparts.com.br\/wp-content\/uploads\/2024\/08\/Favicon-3-1.png","contentUrl":"http:\/\/kemparts.com.br\/wp-content\/uploads\/2024\/08\/Favicon-3-1.png","width":278,"height":278,"caption":"Kemparts"},"image":{"@id":"https:\/\/kemparts.com.br\/#\/schema\/logo\/image\/"},"sameAs":["https:\/\/www.youtube.com\/channel\/UCi7q3vn01t6DJ160x1dRk9g","https:\/\/br.linkedin.com\/company\/kemparts-qumica-ltda."]}]}},"_links":{"self":[{"href":"https:\/\/kemparts.com.br\/en\/wp-json\/wp\/v2\/product\/294","targetHints":{"allow":["GET"]}}],"collection":[{"href":"https:\/\/kemparts.com.br\/en\/wp-json\/wp\/v2\/product"}],"about":[{"href":"https:\/\/kemparts.com.br\/en\/wp-json\/wp\/v2\/types\/product"}],"replies":[{"embeddable":true,"href":"https:\/\/kemparts.com.br\/en\/wp-json\/wp\/v2\/comments?post=294"}],"wp:featuredmedia":[{"embeddable":true,"href":"https:\/\/kemparts.com.br\/en\/wp-json\/wp\/v2\/media\/261"}],"wp:attachment":[{"href":"https:\/\/kemparts.com.br\/en\/wp-json\/wp\/v2\/media?parent=294"}],"wp:term":[{"taxonomy":"product_brand","embeddable":true,"href":"https:\/\/kemparts.com.br\/en\/wp-json\/wp\/v2\/product_brand?post=294"},{"taxonomy":"product_cat","embeddable":true,"href":"https:\/\/kemparts.com.br\/en\/wp-json\/wp\/v2\/product_cat?post=294"},{"taxonomy":"product_tag","embeddable":true,"href":"https:\/\/kemparts.com.br\/en\/wp-json\/wp\/v2\/product_tag?post=294"}],"curies":[{"name":"wp","href":"https:\/\/api.w.org\/{rel}","templated":true}]}}