
{"id":291,"date":"2024-08-06T10:35:45","date_gmt":"2024-08-06T13:35:45","guid":{"rendered":"http:\/\/kemparts.com.br\/product\/oleos-essenciais-para-nutricao-animal\/"},"modified":"2024-08-06T11:04:17","modified_gmt":"2024-08-06T14:04:17","slug":"oleos-essenciais-para-nutricao-animal","status":"publish","type":"product","link":"https:\/\/kemparts.com.br\/en\/produto\/oleos-essenciais-para-nutricao-animal\/","title":{"rendered":"\u00d3leos essenciais para nutri\u00e7\u00e3o animal"},"content":{"rendered":"<p>Os \u00f3leos essenciais para nutri\u00e7\u00e3o animal s\u00e3o extratos naturais de plantas que oferecem uma s\u00e9rie de<br \/>\nbenef\u00edcios para a sa\u00fade e o bem-estar dos animais. Esses \u00f3leos s\u00e3o ricos em compostos bioativos que<br \/>\npodem melhorar a digestibilidade, promover um sistema imunol\u00f3gico saud\u00e1vel e aumentar a<br \/>\nresist\u00eancia a doen\u00e7as. Al\u00e9m disso, os \u00f3leos essenciais s\u00e3o conhecidos por suas propriedades<br \/>\nantimicrobianas e antioxidantes, que podem ajudar a preservar a qualidade da ra\u00e7\u00e3o e otimizar<br \/>\no desempenho animal.<\/p>\n","protected":false},"excerpt":{"rendered":"<p>Os \u00f3leos essenciais para nutri\u00e7\u00e3o animal s\u00e3o extratos naturais de plantas que oferecem uma s\u00e9rie de benef\u00edcios para a sa\u00fade e o bem-estar dos animais. Esses \u00f3leos s\u00e3o ricos em compostos bioativos que podem melhorar a digestibilidade, promover um sistema imunol\u00f3gico saud\u00e1vel e aumentar a resist\u00eancia a doen\u00e7as. Al\u00e9m disso, os \u00f3leos essenciais s\u00e3o conhecidos [&hellip;]<\/p>\n","protected":false},"featured_media":328,"comment_status":"open","ping_status":"closed","template":"","meta":[],"product_brand":[],"product_cat":[25],"product_tag":[],"class_list":{"0":"post-291","1":"product","2":"type-product","3":"status-publish","4":"has-post-thumbnail","6":"product_cat-nutricao-animal","8":"first","9":"instock","10":"shipping-taxable","11":"product-type-simple"},"yoast_head":"<!-- This site is optimized with the Yoast SEO plugin v27.3 - https:\/\/yoast.com\/product\/yoast-seo-wordpress\/ -->\n<title>\u00d3leos essenciais para nutri\u00e7\u00e3o animal - Kemparts<\/title>\n<meta name=\"robots\" content=\"index, follow, max-snippet:-1, max-image-preview:large, max-video-preview:-1\" \/>\n<link rel=\"canonical\" href=\"https:\/\/kemparts.com.br\/produto\/oleos-essenciais-para-nutricao-animal\/\" \/>\n<meta property=\"og:locale\" content=\"en_US\" \/>\n<meta property=\"og:type\" content=\"article\" \/>\n<meta property=\"og:title\" content=\"\u00d3leos essenciais para nutri\u00e7\u00e3o animal - Kemparts\" \/>\n<meta property=\"og:description\" content=\"Os \u00f3leos essenciais para nutri\u00e7\u00e3o animal s\u00e3o extratos naturais de plantas que oferecem uma s\u00e9rie de benef\u00edcios para a sa\u00fade e o bem-estar dos animais. Esses \u00f3leos s\u00e3o ricos em compostos bioativos que podem melhorar a digestibilidade, promover um sistema imunol\u00f3gico saud\u00e1vel e aumentar a resist\u00eancia a doen\u00e7as. Al\u00e9m disso, os \u00f3leos essenciais s\u00e3o conhecidos [&hellip;]\" \/>\n<meta property=\"og:url\" content=\"https:\/\/kemparts.com.br\/produto\/oleos-essenciais-para-nutricao-animal\/\" \/>\n<meta property=\"og:site_name\" content=\"Kemparts\" \/>\n<meta property=\"article:modified_time\" content=\"2024-08-06T14:04:17+00:00\" \/>\n<meta property=\"og:image\" content=\"https:\/\/kemparts.com.br\/wp-content\/uploads\/2024\/08\/a58afa57da6d88ad73ca54a7c666e677-1-66b22b5b48ce4.webp\" \/>\n\t<meta property=\"og:image:width\" content=\"448\" \/>\n\t<meta property=\"og:image:height\" content=\"457\" \/>\n\t<meta property=\"og:image:type\" content=\"image\/webp\" \/>\n<meta name=\"twitter:card\" content=\"summary_large_image\" \/>\n<script type=\"application\/ld+json\" class=\"yoast-schema-graph\">{\"@context\":\"https:\\\/\\\/schema.org\",\"@graph\":[{\"@type\":\"WebPage\",\"@id\":\"https:\\\/\\\/kemparts.com.br\\\/produto\\\/oleos-essenciais-para-nutricao-animal\\\/\",\"url\":\"https:\\\/\\\/kemparts.com.br\\\/produto\\\/oleos-essenciais-para-nutricao-animal\\\/\",\"name\":\"\u00d3leos essenciais para nutri\u00e7\u00e3o animal - Kemparts\",\"isPartOf\":{\"@id\":\"https:\\\/\\\/kemparts.com.br\\\/#website\"},\"primaryImageOfPage\":{\"@id\":\"https:\\\/\\\/kemparts.com.br\\\/produto\\\/oleos-essenciais-para-nutricao-animal\\\/#primaryimage\"},\"image\":{\"@id\":\"https:\\\/\\\/kemparts.com.br\\\/produto\\\/oleos-essenciais-para-nutricao-animal\\\/#primaryimage\"},\"thumbnailUrl\":\"https:\\\/\\\/kemparts.com.br\\\/wp-content\\\/uploads\\\/2024\\\/08\\\/a58afa57da6d88ad73ca54a7c666e677-1-66b22b5b48ce4.webp\",\"datePublished\":\"2024-08-06T13:35:45+00:00\",\"dateModified\":\"2024-08-06T14:04:17+00:00\",\"breadcrumb\":{\"@id\":\"https:\\\/\\\/kemparts.com.br\\\/produto\\\/oleos-essenciais-para-nutricao-animal\\\/#breadcrumb\"},\"inLanguage\":\"en-US\",\"potentialAction\":[{\"@type\":\"ReadAction\",\"target\":[\"https:\\\/\\\/kemparts.com.br\\\/produto\\\/oleos-essenciais-para-nutricao-animal\\\/\"]}]},{\"@type\":\"ImageObject\",\"inLanguage\":\"en-US\",\"@id\":\"https:\\\/\\\/kemparts.com.br\\\/produto\\\/oleos-essenciais-para-nutricao-animal\\\/#primaryimage\",\"url\":\"https:\\\/\\\/kemparts.com.br\\\/wp-content\\\/uploads\\\/2024\\\/08\\\/a58afa57da6d88ad73ca54a7c666e677-1-66b22b5b48ce4.webp\",\"contentUrl\":\"https:\\\/\\\/kemparts.com.br\\\/wp-content\\\/uploads\\\/2024\\\/08\\\/a58afa57da6d88ad73ca54a7c666e677-1-66b22b5b48ce4.webp\",\"width\":448,\"height\":457},{\"@type\":\"BreadcrumbList\",\"@id\":\"https:\\\/\\\/kemparts.com.br\\\/produto\\\/oleos-essenciais-para-nutricao-animal\\\/#breadcrumb\",\"itemListElement\":[{\"@type\":\"ListItem\",\"position\":1,\"name\":\"In\u00edcio\",\"item\":\"https:\\\/\\\/kemparts.com.br\\\/en\\\/\"},{\"@type\":\"ListItem\",\"position\":2,\"name\":\"Produtos\",\"item\":\"https:\\\/\\\/kemparts.com.br\\\/produtos\\\/\"},{\"@type\":\"ListItem\",\"position\":3,\"name\":\"\u00d3leos essenciais para nutri\u00e7\u00e3o animal\"}]},{\"@type\":\"WebSite\",\"@id\":\"https:\\\/\\\/kemparts.com.br\\\/#website\",\"url\":\"https:\\\/\\\/kemparts.com.br\\\/\",\"name\":\"Kemparts\",\"description\":\"\",\"publisher\":{\"@id\":\"https:\\\/\\\/kemparts.com.br\\\/#organization\"},\"potentialAction\":[{\"@type\":\"SearchAction\",\"target\":{\"@type\":\"EntryPoint\",\"urlTemplate\":\"https:\\\/\\\/kemparts.com.br\\\/?s={search_term_string}\"},\"query-input\":{\"@type\":\"PropertyValueSpecification\",\"valueRequired\":true,\"valueName\":\"search_term_string\"}}],\"inLanguage\":\"en-US\"},{\"@type\":\"Organization\",\"@id\":\"https:\\\/\\\/kemparts.com.br\\\/#organization\",\"name\":\"Kemparts\",\"url\":\"https:\\\/\\\/kemparts.com.br\\\/\",\"logo\":{\"@type\":\"ImageObject\",\"inLanguage\":\"en-US\",\"@id\":\"https:\\\/\\\/kemparts.com.br\\\/#\\\/schema\\\/logo\\\/image\\\/\",\"url\":\"http:\\\/\\\/kemparts.com.br\\\/wp-content\\\/uploads\\\/2024\\\/08\\\/Favicon-3-1.png\",\"contentUrl\":\"http:\\\/\\\/kemparts.com.br\\\/wp-content\\\/uploads\\\/2024\\\/08\\\/Favicon-3-1.png\",\"width\":278,\"height\":278,\"caption\":\"Kemparts\"},\"image\":{\"@id\":\"https:\\\/\\\/kemparts.com.br\\\/#\\\/schema\\\/logo\\\/image\\\/\"},\"sameAs\":[\"https:\\\/\\\/www.youtube.com\\\/channel\\\/UCi7q3vn01t6DJ160x1dRk9g\",\"https:\\\/\\\/br.linkedin.com\\\/company\\\/kemparts-qumica-ltda.\"]}]}<\/script>\n<!-- \/ Yoast SEO plugin. -->","yoast_head_json":{"title":"\u00d3leos essenciais para nutri\u00e7\u00e3o animal - Kemparts","robots":{"index":"index","follow":"follow","max-snippet":"max-snippet:-1","max-image-preview":"max-image-preview:large","max-video-preview":"max-video-preview:-1"},"canonical":"https:\/\/kemparts.com.br\/produto\/oleos-essenciais-para-nutricao-animal\/","og_locale":"en_US","og_type":"article","og_title":"\u00d3leos essenciais para nutri\u00e7\u00e3o animal - Kemparts","og_description":"Os \u00f3leos essenciais para nutri\u00e7\u00e3o animal s\u00e3o extratos naturais de plantas que oferecem uma s\u00e9rie de benef\u00edcios para a sa\u00fade e o bem-estar dos animais. Esses \u00f3leos s\u00e3o ricos em compostos bioativos que podem melhorar a digestibilidade, promover um sistema imunol\u00f3gico saud\u00e1vel e aumentar a resist\u00eancia a doen\u00e7as. Al\u00e9m disso, os \u00f3leos essenciais s\u00e3o conhecidos [&hellip;]","og_url":"https:\/\/kemparts.com.br\/produto\/oleos-essenciais-para-nutricao-animal\/","og_site_name":"Kemparts","article_modified_time":"2024-08-06T14:04:17+00:00","og_image":[{"width":448,"height":457,"url":"https:\/\/kemparts.com.br\/wp-content\/uploads\/2024\/08\/a58afa57da6d88ad73ca54a7c666e677-1-66b22b5b48ce4.webp","type":"image\/webp"}],"twitter_card":"summary_large_image","schema":{"@context":"https:\/\/schema.org","@graph":[{"@type":"WebPage","@id":"https:\/\/kemparts.com.br\/produto\/oleos-essenciais-para-nutricao-animal\/","url":"https:\/\/kemparts.com.br\/produto\/oleos-essenciais-para-nutricao-animal\/","name":"\u00d3leos essenciais para nutri\u00e7\u00e3o animal - Kemparts","isPartOf":{"@id":"https:\/\/kemparts.com.br\/#website"},"primaryImageOfPage":{"@id":"https:\/\/kemparts.com.br\/produto\/oleos-essenciais-para-nutricao-animal\/#primaryimage"},"image":{"@id":"https:\/\/kemparts.com.br\/produto\/oleos-essenciais-para-nutricao-animal\/#primaryimage"},"thumbnailUrl":"https:\/\/kemparts.com.br\/wp-content\/uploads\/2024\/08\/a58afa57da6d88ad73ca54a7c666e677-1-66b22b5b48ce4.webp","datePublished":"2024-08-06T13:35:45+00:00","dateModified":"2024-08-06T14:04:17+00:00","breadcrumb":{"@id":"https:\/\/kemparts.com.br\/produto\/oleos-essenciais-para-nutricao-animal\/#breadcrumb"},"inLanguage":"en-US","potentialAction":[{"@type":"ReadAction","target":["https:\/\/kemparts.com.br\/produto\/oleos-essenciais-para-nutricao-animal\/"]}]},{"@type":"ImageObject","inLanguage":"en-US","@id":"https:\/\/kemparts.com.br\/produto\/oleos-essenciais-para-nutricao-animal\/#primaryimage","url":"https:\/\/kemparts.com.br\/wp-content\/uploads\/2024\/08\/a58afa57da6d88ad73ca54a7c666e677-1-66b22b5b48ce4.webp","contentUrl":"https:\/\/kemparts.com.br\/wp-content\/uploads\/2024\/08\/a58afa57da6d88ad73ca54a7c666e677-1-66b22b5b48ce4.webp","width":448,"height":457},{"@type":"BreadcrumbList","@id":"https:\/\/kemparts.com.br\/produto\/oleos-essenciais-para-nutricao-animal\/#breadcrumb","itemListElement":[{"@type":"ListItem","position":1,"name":"In\u00edcio","item":"https:\/\/kemparts.com.br\/en\/"},{"@type":"ListItem","position":2,"name":"Produtos","item":"https:\/\/kemparts.com.br\/produtos\/"},{"@type":"ListItem","position":3,"name":"\u00d3leos essenciais para nutri\u00e7\u00e3o animal"}]},{"@type":"WebSite","@id":"https:\/\/kemparts.com.br\/#website","url":"https:\/\/kemparts.com.br\/","name":"Kemparts","description":"","publisher":{"@id":"https:\/\/kemparts.com.br\/#organization"},"potentialAction":[{"@type":"SearchAction","target":{"@type":"EntryPoint","urlTemplate":"https:\/\/kemparts.com.br\/?s={search_term_string}"},"query-input":{"@type":"PropertyValueSpecification","valueRequired":true,"valueName":"search_term_string"}}],"inLanguage":"en-US"},{"@type":"Organization","@id":"https:\/\/kemparts.com.br\/#organization","name":"Kemparts","url":"https:\/\/kemparts.com.br\/","logo":{"@type":"ImageObject","inLanguage":"en-US","@id":"https:\/\/kemparts.com.br\/#\/schema\/logo\/image\/","url":"http:\/\/kemparts.com.br\/wp-content\/uploads\/2024\/08\/Favicon-3-1.png","contentUrl":"http:\/\/kemparts.com.br\/wp-content\/uploads\/2024\/08\/Favicon-3-1.png","width":278,"height":278,"caption":"Kemparts"},"image":{"@id":"https:\/\/kemparts.com.br\/#\/schema\/logo\/image\/"},"sameAs":["https:\/\/www.youtube.com\/channel\/UCi7q3vn01t6DJ160x1dRk9g","https:\/\/br.linkedin.com\/company\/kemparts-qumica-ltda."]}]}},"_links":{"self":[{"href":"https:\/\/kemparts.com.br\/en\/wp-json\/wp\/v2\/product\/291","targetHints":{"allow":["GET"]}}],"collection":[{"href":"https:\/\/kemparts.com.br\/en\/wp-json\/wp\/v2\/product"}],"about":[{"href":"https:\/\/kemparts.com.br\/en\/wp-json\/wp\/v2\/types\/product"}],"replies":[{"embeddable":true,"href":"https:\/\/kemparts.com.br\/en\/wp-json\/wp\/v2\/comments?post=291"}],"wp:featuredmedia":[{"embeddable":true,"href":"https:\/\/kemparts.com.br\/en\/wp-json\/wp\/v2\/media\/328"}],"wp:attachment":[{"href":"https:\/\/kemparts.com.br\/en\/wp-json\/wp\/v2\/media?parent=291"}],"wp:term":[{"taxonomy":"product_brand","embeddable":true,"href":"https:\/\/kemparts.com.br\/en\/wp-json\/wp\/v2\/product_brand?post=291"},{"taxonomy":"product_cat","embeddable":true,"href":"https:\/\/kemparts.com.br\/en\/wp-json\/wp\/v2\/product_cat?post=291"},{"taxonomy":"product_tag","embeddable":true,"href":"https:\/\/kemparts.com.br\/en\/wp-json\/wp\/v2\/product_tag?post=291"}],"curies":[{"name":"wp","href":"https:\/\/api.w.org\/{rel}","templated":true}]}}