
{"id":269,"date":"2024-08-02T16:38:17","date_gmt":"2024-08-02T19:38:17","guid":{"rendered":"http:\/\/kemparts.com.br\/product\/emulsao\/"},"modified":"2024-08-21T09:28:00","modified_gmt":"2024-08-21T12:28:00","slug":"emulsao","status":"publish","type":"product","link":"https:\/\/kemparts.com.br\/en\/produto\/emulsao\/","title":{"rendered":"Emuls\u00e3o"},"content":{"rendered":"<p>S\u00e3o dispers\u00f5es \u00e0 base de \u00e1gua formuladas com breu, \u00e9ster de breu, resinas hidrocarb\u00f4nicas, resinas terpenofen\u00f3licas ou resinas politerp\u00eanicas. Aditivo promotor de tack, compat\u00edvel com diversos sistemas de adesivos \u00e0 base de \u00e1gua e ecologicamente correto, classificado como APO-free.<\/p>\n","protected":false},"excerpt":{"rendered":"<p>S\u00e3o dispers\u00f5es \u00e0 base de \u00e1gua formuladas com breu, \u00e9ster de breu, resinas hidrocarb\u00f4nicas, resinas terpenofen\u00f3licas ou resinas politerp\u00eanicas. Aditivo promotor de tack, compat\u00edvel com diversos sistemas de adesivos \u00e0 base de \u00e1gua e ecologicamente correto, classificado como APO-free.<\/p>\n","protected":false},"featured_media":328,"comment_status":"open","ping_status":"closed","template":"","meta":[],"product_brand":[],"product_cat":[33],"product_tag":[],"class_list":{"0":"post-269","1":"product","2":"type-product","3":"status-publish","4":"has-post-thumbnail","6":"product_cat-adesivos","8":"first","9":"instock","10":"shipping-taxable","11":"product-type-simple"},"yoast_head":"<!-- This site is optimized with the Yoast SEO plugin v27.3 - https:\/\/yoast.com\/product\/yoast-seo-wordpress\/ -->\n<title>Emuls\u00e3o - Kemparts<\/title>\n<meta name=\"robots\" content=\"index, follow, max-snippet:-1, max-image-preview:large, max-video-preview:-1\" \/>\n<link rel=\"canonical\" href=\"https:\/\/kemparts.com.br\/en\/produto\/emulsao\/\" \/>\n<meta property=\"og:locale\" content=\"en_US\" \/>\n<meta property=\"og:type\" content=\"article\" \/>\n<meta property=\"og:title\" content=\"Emuls\u00e3o - Kemparts\" \/>\n<meta property=\"og:description\" content=\"S\u00e3o dispers\u00f5es \u00e0 base de \u00e1gua formuladas com breu, \u00e9ster de breu, resinas hidrocarb\u00f4nicas, resinas terpenofen\u00f3licas ou resinas politerp\u00eanicas. Aditivo promotor de tack, compat\u00edvel com diversos sistemas de adesivos \u00e0 base de \u00e1gua e ecologicamente correto, classificado como APO-free.\" \/>\n<meta property=\"og:url\" content=\"https:\/\/kemparts.com.br\/en\/produto\/emulsao\/\" \/>\n<meta property=\"og:site_name\" content=\"Kemparts\" \/>\n<meta property=\"article:modified_time\" content=\"2024-08-21T12:28:00+00:00\" \/>\n<meta property=\"og:image\" content=\"https:\/\/kemparts.com.br\/wp-content\/uploads\/2024\/08\/a58afa57da6d88ad73ca54a7c666e677-1-66b22b5b48ce4.webp\" \/>\n\t<meta property=\"og:image:width\" content=\"448\" \/>\n\t<meta property=\"og:image:height\" content=\"457\" \/>\n\t<meta property=\"og:image:type\" content=\"image\/webp\" \/>\n<meta name=\"twitter:card\" content=\"summary_large_image\" \/>\n<script type=\"application\/ld+json\" class=\"yoast-schema-graph\">{\"@context\":\"https:\\\/\\\/schema.org\",\"@graph\":[{\"@type\":\"WebPage\",\"@id\":\"https:\\\/\\\/kemparts.com.br\\\/en\\\/produto\\\/emulsao\\\/\",\"url\":\"https:\\\/\\\/kemparts.com.br\\\/en\\\/produto\\\/emulsao\\\/\",\"name\":\"Emuls\u00e3o - Kemparts\",\"isPartOf\":{\"@id\":\"https:\\\/\\\/kemparts.com.br\\\/#website\"},\"primaryImageOfPage\":{\"@id\":\"https:\\\/\\\/kemparts.com.br\\\/en\\\/produto\\\/emulsao\\\/#primaryimage\"},\"image\":{\"@id\":\"https:\\\/\\\/kemparts.com.br\\\/en\\\/produto\\\/emulsao\\\/#primaryimage\"},\"thumbnailUrl\":\"https:\\\/\\\/kemparts.com.br\\\/wp-content\\\/uploads\\\/2024\\\/08\\\/a58afa57da6d88ad73ca54a7c666e677-1-66b22b5b48ce4.webp\",\"datePublished\":\"2024-08-02T19:38:17+00:00\",\"dateModified\":\"2024-08-21T12:28:00+00:00\",\"breadcrumb\":{\"@id\":\"https:\\\/\\\/kemparts.com.br\\\/en\\\/produto\\\/emulsao\\\/#breadcrumb\"},\"inLanguage\":\"en-US\",\"potentialAction\":[{\"@type\":\"ReadAction\",\"target\":[\"https:\\\/\\\/kemparts.com.br\\\/en\\\/produto\\\/emulsao\\\/\"]}]},{\"@type\":\"ImageObject\",\"inLanguage\":\"en-US\",\"@id\":\"https:\\\/\\\/kemparts.com.br\\\/en\\\/produto\\\/emulsao\\\/#primaryimage\",\"url\":\"https:\\\/\\\/kemparts.com.br\\\/wp-content\\\/uploads\\\/2024\\\/08\\\/a58afa57da6d88ad73ca54a7c666e677-1-66b22b5b48ce4.webp\",\"contentUrl\":\"https:\\\/\\\/kemparts.com.br\\\/wp-content\\\/uploads\\\/2024\\\/08\\\/a58afa57da6d88ad73ca54a7c666e677-1-66b22b5b48ce4.webp\",\"width\":448,\"height\":457},{\"@type\":\"BreadcrumbList\",\"@id\":\"https:\\\/\\\/kemparts.com.br\\\/en\\\/produto\\\/emulsao\\\/#breadcrumb\",\"itemListElement\":[{\"@type\":\"ListItem\",\"position\":1,\"name\":\"In\u00edcio\",\"item\":\"https:\\\/\\\/kemparts.com.br\\\/en\\\/\"},{\"@type\":\"ListItem\",\"position\":2,\"name\":\"Produtos\",\"item\":\"https:\\\/\\\/kemparts.com.br\\\/produtos\\\/\"},{\"@type\":\"ListItem\",\"position\":3,\"name\":\"Emuls\u00e3o\"}]},{\"@type\":\"WebSite\",\"@id\":\"https:\\\/\\\/kemparts.com.br\\\/#website\",\"url\":\"https:\\\/\\\/kemparts.com.br\\\/\",\"name\":\"Kemparts\",\"description\":\"\",\"publisher\":{\"@id\":\"https:\\\/\\\/kemparts.com.br\\\/#organization\"},\"potentialAction\":[{\"@type\":\"SearchAction\",\"target\":{\"@type\":\"EntryPoint\",\"urlTemplate\":\"https:\\\/\\\/kemparts.com.br\\\/?s={search_term_string}\"},\"query-input\":{\"@type\":\"PropertyValueSpecification\",\"valueRequired\":true,\"valueName\":\"search_term_string\"}}],\"inLanguage\":\"en-US\"},{\"@type\":\"Organization\",\"@id\":\"https:\\\/\\\/kemparts.com.br\\\/#organization\",\"name\":\"Kemparts\",\"url\":\"https:\\\/\\\/kemparts.com.br\\\/\",\"logo\":{\"@type\":\"ImageObject\",\"inLanguage\":\"en-US\",\"@id\":\"https:\\\/\\\/kemparts.com.br\\\/#\\\/schema\\\/logo\\\/image\\\/\",\"url\":\"http:\\\/\\\/kemparts.com.br\\\/wp-content\\\/uploads\\\/2024\\\/08\\\/Favicon-3-1.png\",\"contentUrl\":\"http:\\\/\\\/kemparts.com.br\\\/wp-content\\\/uploads\\\/2024\\\/08\\\/Favicon-3-1.png\",\"width\":278,\"height\":278,\"caption\":\"Kemparts\"},\"image\":{\"@id\":\"https:\\\/\\\/kemparts.com.br\\\/#\\\/schema\\\/logo\\\/image\\\/\"},\"sameAs\":[\"https:\\\/\\\/www.youtube.com\\\/channel\\\/UCi7q3vn01t6DJ160x1dRk9g\",\"https:\\\/\\\/br.linkedin.com\\\/company\\\/kemparts-qumica-ltda.\"]}]}<\/script>\n<!-- \/ Yoast SEO plugin. -->","yoast_head_json":{"title":"Emuls\u00e3o - Kemparts","robots":{"index":"index","follow":"follow","max-snippet":"max-snippet:-1","max-image-preview":"max-image-preview:large","max-video-preview":"max-video-preview:-1"},"canonical":"https:\/\/kemparts.com.br\/en\/produto\/emulsao\/","og_locale":"en_US","og_type":"article","og_title":"Emuls\u00e3o - Kemparts","og_description":"S\u00e3o dispers\u00f5es \u00e0 base de \u00e1gua formuladas com breu, \u00e9ster de breu, resinas hidrocarb\u00f4nicas, resinas terpenofen\u00f3licas ou resinas politerp\u00eanicas. Aditivo promotor de tack, compat\u00edvel com diversos sistemas de adesivos \u00e0 base de \u00e1gua e ecologicamente correto, classificado como APO-free.","og_url":"https:\/\/kemparts.com.br\/en\/produto\/emulsao\/","og_site_name":"Kemparts","article_modified_time":"2024-08-21T12:28:00+00:00","og_image":[{"width":448,"height":457,"url":"https:\/\/kemparts.com.br\/wp-content\/uploads\/2024\/08\/a58afa57da6d88ad73ca54a7c666e677-1-66b22b5b48ce4.webp","type":"image\/webp"}],"twitter_card":"summary_large_image","schema":{"@context":"https:\/\/schema.org","@graph":[{"@type":"WebPage","@id":"https:\/\/kemparts.com.br\/en\/produto\/emulsao\/","url":"https:\/\/kemparts.com.br\/en\/produto\/emulsao\/","name":"Emuls\u00e3o - Kemparts","isPartOf":{"@id":"https:\/\/kemparts.com.br\/#website"},"primaryImageOfPage":{"@id":"https:\/\/kemparts.com.br\/en\/produto\/emulsao\/#primaryimage"},"image":{"@id":"https:\/\/kemparts.com.br\/en\/produto\/emulsao\/#primaryimage"},"thumbnailUrl":"https:\/\/kemparts.com.br\/wp-content\/uploads\/2024\/08\/a58afa57da6d88ad73ca54a7c666e677-1-66b22b5b48ce4.webp","datePublished":"2024-08-02T19:38:17+00:00","dateModified":"2024-08-21T12:28:00+00:00","breadcrumb":{"@id":"https:\/\/kemparts.com.br\/en\/produto\/emulsao\/#breadcrumb"},"inLanguage":"en-US","potentialAction":[{"@type":"ReadAction","target":["https:\/\/kemparts.com.br\/en\/produto\/emulsao\/"]}]},{"@type":"ImageObject","inLanguage":"en-US","@id":"https:\/\/kemparts.com.br\/en\/produto\/emulsao\/#primaryimage","url":"https:\/\/kemparts.com.br\/wp-content\/uploads\/2024\/08\/a58afa57da6d88ad73ca54a7c666e677-1-66b22b5b48ce4.webp","contentUrl":"https:\/\/kemparts.com.br\/wp-content\/uploads\/2024\/08\/a58afa57da6d88ad73ca54a7c666e677-1-66b22b5b48ce4.webp","width":448,"height":457},{"@type":"BreadcrumbList","@id":"https:\/\/kemparts.com.br\/en\/produto\/emulsao\/#breadcrumb","itemListElement":[{"@type":"ListItem","position":1,"name":"In\u00edcio","item":"https:\/\/kemparts.com.br\/en\/"},{"@type":"ListItem","position":2,"name":"Produtos","item":"https:\/\/kemparts.com.br\/produtos\/"},{"@type":"ListItem","position":3,"name":"Emuls\u00e3o"}]},{"@type":"WebSite","@id":"https:\/\/kemparts.com.br\/#website","url":"https:\/\/kemparts.com.br\/","name":"Kemparts","description":"","publisher":{"@id":"https:\/\/kemparts.com.br\/#organization"},"potentialAction":[{"@type":"SearchAction","target":{"@type":"EntryPoint","urlTemplate":"https:\/\/kemparts.com.br\/?s={search_term_string}"},"query-input":{"@type":"PropertyValueSpecification","valueRequired":true,"valueName":"search_term_string"}}],"inLanguage":"en-US"},{"@type":"Organization","@id":"https:\/\/kemparts.com.br\/#organization","name":"Kemparts","url":"https:\/\/kemparts.com.br\/","logo":{"@type":"ImageObject","inLanguage":"en-US","@id":"https:\/\/kemparts.com.br\/#\/schema\/logo\/image\/","url":"http:\/\/kemparts.com.br\/wp-content\/uploads\/2024\/08\/Favicon-3-1.png","contentUrl":"http:\/\/kemparts.com.br\/wp-content\/uploads\/2024\/08\/Favicon-3-1.png","width":278,"height":278,"caption":"Kemparts"},"image":{"@id":"https:\/\/kemparts.com.br\/#\/schema\/logo\/image\/"},"sameAs":["https:\/\/www.youtube.com\/channel\/UCi7q3vn01t6DJ160x1dRk9g","https:\/\/br.linkedin.com\/company\/kemparts-qumica-ltda."]}]}},"_links":{"self":[{"href":"https:\/\/kemparts.com.br\/en\/wp-json\/wp\/v2\/product\/269","targetHints":{"allow":["GET"]}}],"collection":[{"href":"https:\/\/kemparts.com.br\/en\/wp-json\/wp\/v2\/product"}],"about":[{"href":"https:\/\/kemparts.com.br\/en\/wp-json\/wp\/v2\/types\/product"}],"replies":[{"embeddable":true,"href":"https:\/\/kemparts.com.br\/en\/wp-json\/wp\/v2\/comments?post=269"}],"wp:featuredmedia":[{"embeddable":true,"href":"https:\/\/kemparts.com.br\/en\/wp-json\/wp\/v2\/media\/328"}],"wp:attachment":[{"href":"https:\/\/kemparts.com.br\/en\/wp-json\/wp\/v2\/media?parent=269"}],"wp:term":[{"taxonomy":"product_brand","embeddable":true,"href":"https:\/\/kemparts.com.br\/en\/wp-json\/wp\/v2\/product_brand?post=269"},{"taxonomy":"product_cat","embeddable":true,"href":"https:\/\/kemparts.com.br\/en\/wp-json\/wp\/v2\/product_cat?post=269"},{"taxonomy":"product_tag","embeddable":true,"href":"https:\/\/kemparts.com.br\/en\/wp-json\/wp\/v2\/product_tag?post=269"}],"curies":[{"name":"wp","href":"https:\/\/api.w.org\/{rel}","templated":true}]}}